{"id":29444,"date":"2024-01-15T12:42:26","date_gmt":"2024-01-15T09:42:26","guid":{"rendered":"https:\/\/inverpul.com\/?page_id=29444"},"modified":"2024-01-15T12:45:10","modified_gmt":"2024-01-15T09:45:10","slug":"gizlilik-politikasi","status":"publish","type":"page","link":"https:\/\/inverpul.com\/ar\/gizlilik-politikasi\/","title":{"rendered":"\u0633\u064a\u0627\u0633\u0629 \u0627\u0644\u062e\u0635\u0648\u0635\u064a\u0629"},"content":{"rendered":"<div data-elementor-type=\"wp-page\" data-elementor-id=\"29444\" class=\"elementor elementor-29444\">\n\t\t\t\t\t\t\t\t\t<section class=\"elementor-section elementor-top-section elementor-element elementor-element-2b1184b0 elementor-section-boxed elementor-section-height-default elementor-section-height-default sc_fly_static\" data-id=\"2b1184b0\" data-element_type=\"section\" data-settings=\"{&quot;background_background&quot;:&quot;classic&quot;}\">\n\t\t\t\t\t\t<div class=\"elementor-container elementor-column-gap-extended\">\n\t\t\t\t\t<div class=\"elementor-column elementor-col-100 elementor-top-column elementor-element elementor-element-153e1c19 sc_inner_width_none sc_content_align_inherit sc_layouts_column_icons_position_left sc_fly_static\" data-id=\"153e1c19\" data-element_type=\"column\">\n\t\t\t<div class=\"elementor-widget-wrap elementor-element-populated\">\n\t\t\t\t\t\t\t\t<div class=\"elementor-element elementor-element-54db29de sc_fly_static elementor-widget elementor-widget-text-editor\" data-id=\"54db29de\" data-element_type=\"widget\" data-widget_type=\"text-editor.default\">\n\t\t\t\t<div class=\"elementor-widget-container\">\n\t\t\t\t\t\t\t<p>\u0644\u0646 \u062a\u062a\u0645 \u0645\u0634\u0627\u0631\u0643\u0629 \u062c\u0645\u064a\u0639 \u0627\u0644\u0645\u0639\u0644\u0648\u0645\u0627\u062a \u0627\u0644\u062a\u064a \u062a\u062f\u062e\u0644\u0647\u0627 \u0644\u062a\u0635\u0628\u062d \u0639\u0636\u0648\u064b\u0627 \u0641\u064a \u0645\u0648\u0642\u0639\u0646\u0627 \u0645\u0639 \u0634\u0631\u0643\u0627\u062a \u0623\u0648 \u0623\u0641\u0631\u0627\u062f \u062a\u0627\u0628\u0639\u064a\u0646 \u0644\u062c\u0647\u0627\u062a \u062e\u0627\u0631\u062c\u064a\u0629.<\/p><p>\u0644\u0646 \u062a\u062a\u0645 \u0645\u0634\u0627\u0631\u0643\u0629 \u062c\u0645\u064a\u0639 \u0627\u0644\u0645\u0639\u0644\u0648\u0645\u0627\u062a \u0627\u0644\u062a\u064a \u062a\u062f\u062e\u0644\u0647\u0627 \u0645\u0646 \u062e\u0644\u0627\u0644 \u0646\u0645\u0627\u0630\u062c \u0627\u0644\u0627\u062a\u0635\u0627\u0644 \u0627\u0644\u062e\u0627\u0635\u0629 \u0628\u0645\u0648\u0642\u0639\u0646\u0627 \u0645\u0639 \u0634\u0631\u0643\u0627\u062a \u0623\u0648 \u0623\u0641\u0631\u0627\u062f \u0645\u0646 \u062c\u0647\u0627\u062a \u062e\u0627\u0631\u062c\u064a\u0629.<\/p><p>\u0642\u062f \u064a\u0631\u0633\u0644 \u0645\u0648\u0642\u0639\u0646\u0627 \u0641\u064a \u0628\u0639\u0636 \u0627\u0644\u0623\u062d\u064a\u0627\u0646 \u0645\u0639\u0644\u0648\u0645\u0627\u062a \u0627\u0644\u062d\u0645\u0644\u0629\u060c \u0648\u0645\u0639\u0644\u0648\u0645\u0627\u062a \u062d\u0648\u0644 \u0627\u0644\u0645\u0646\u062a\u062c\u0627\u062a \u0627\u0644\u062c\u062f\u064a\u062f\u0629\u060c \u0648\u0627\u0644\u0645\u0639\u0644\u0648\u0645\u0627\u062a \u0627\u0644\u062a\u0631\u0648\u064a\u062c\u064a\u0629 \u0644\u0639\u0645\u0644\u0627\u0626\u0647 \u0648\u0623\u0639\u0636\u0627\u0626\u0647. \u064a\u0645\u0643\u0646 \u0644\u0623\u0639\u0636\u0627\u0626\u0646\u0627 \u0627\u062a\u062e\u0627\u0630 \u0623\u064a \u062e\u064a\u0627\u0631 \u0628\u0634\u0623\u0646 \u062a\u0644\u0642\u064a \u0647\u0630\u0647 \u0627\u0644\u0645\u0639\u0644\u0648\u0645\u0627\u062a \u0623\u0645 \u0644\u0627 \u0623\u062b\u0646\u0627\u0621 \u0623\u0646 \u064a\u0635\u0628\u062d\u0648\u0627 \u0623\u0639\u0636\u0627\u0621\u060c \u0648\u064a\u0645\u0643\u0646 \u062a\u063a\u064a\u064a\u0631 \u0647\u0630\u0627 \u0627\u0644\u0627\u062e\u062a\u064a\u0627\u0631 \u0641\u064a \u0642\u0633\u0645 \u0645\u0639\u0644\u0648\u0645\u0627\u062a \u0627\u0644\u062d\u0633\u0627\u0628 \u0628\u0639\u062f \u062a\u0633\u062c\u064a\u0644 \u0627\u0644\u062f\u062e\u0648\u0644.<\/p><p>\u064a\u0645\u0643\u0646\u0643 \u0623\u0646\u062a \u0648\u062d\u062f\u0643 \u0627\u0644\u0648\u0635\u0648\u0644 \u0625\u0644\u0649 \u062c\u0645\u064a\u0639 \u0627\u0644\u0645\u0639\u0644\u0648\u0645\u0627\u062a \u0627\u0644\u062a\u064a \u062a\u0642\u062f\u0645\u0647\u0627 \u0648\u062a\u063a\u064a\u064a\u0631\u0647\u0627 \u0639\u0646\u062f\u0645\u0627 \u062a\u0635\u0628\u062d \u0639\u0636\u0648\u064b\u0627. \u0625\u0630\u0627 \u062d\u0627\u0641\u0638\u062a \u0639\u0644\u0649 \u0623\u0645\u0627\u0646 \u0645\u0639\u0644\u0648\u0645\u0627\u062a \u062a\u0633\u062c\u064a\u0644 \u062f\u062e\u0648\u0644 \u0627\u0644\u0639\u0636\u0648 \u0627\u0644\u062e\u0627\u0635\u0629 \u0628\u0643\u060c \u0641\u0644\u0646 \u064a\u062a\u0645\u0643\u0646 \u0627\u0644\u0622\u062e\u0631\u0648\u0646 \u0645\u0646 \u0627\u0644\u0648\u0635\u0648\u0644 \u0625\u0644\u0649 \u0627\u0644\u0645\u0639\u0644\u0648\u0645\u0627\u062a \u0627\u0644\u062e\u0627\u0635\u0629 \u0628\u0643 \u0623\u0648 \u062a\u063a\u064a\u064a\u0631\u0647\u0627.\u00a0<\/p><p>\u064a\u062a\u062d\u0645\u0644 \u0627\u0644\u0645\u0634\u062a\u0631\u064a \u0627\u0644\u0645\u0633\u0624\u0648\u0644\u064a\u0629 \u0627\u0644\u0634\u062e\u0635\u064a\u0629 \u0639\u0646 \u0623\u064a \u0627\u0633\u062a\u062e\u062f\u0627\u0645 \u063a\u064a\u0631 \u0644\u0627\u0626\u0642 \u0648\u0627\u0639\u062a\u0631\u0627\u0636\u0627\u062a \u0648\u0623\u064a \u062e\u0633\u0627\u0626\u0631 \u0645\u0627\u0644\u064a\u0629 \u0648\u0639\u0642\u0648\u0628\u0627\u062a \u0642\u062f \u062a\u0646\u0634\u0623 \u0641\u064a \u0645\u0639\u0627\u0645\u0644\u0627\u062a \u0628\u0637\u0627\u0642\u0629 \u0627\u0644\u0627\u0626\u062a\u0645\u0627\u0646 \u0627\u0644\u062e\u0627\u0635\u0629 \u0628\u0647 \u0623\u0648 \u0628\u0648\u0627\u0633\u0637\u0629 \u0637\u0631\u0641 \u062b\u0627\u0644\u062b \u0639\u0644\u0649 \u0645\u0648\u0642\u0639 inverpul.com.<\/p>\t\t\t\t\t\t<\/div>\n\t\t\t\t<\/div>\n\t\t\t\t\t<\/div>\n\t\t<\/div>\n\t\t\t\t\t\t\t<\/div>\n\t\t<\/section>\n\t\t\t\t\t\t\t<\/div>","protected":false},"excerpt":{"rendered":"<p>Sitemize \u00fcye olmak i\u00e7in girmi\u015f oldu\u011funuz t\u00fcm bilgiler, \u00a03. parti firma veya ki\u015filerle payla\u015f\u0131lmayacakt\u0131r. Sitemiz ileti\u015fim formlar\u0131ndan girmi\u015f oldu\u011funuz t\u00fcm bilgiler, \u00a03. parti firma veya ki\u015filerle payla\u015f\u0131lmayacakt\u0131r. Sitemiz baz\u0131 d\u00f6nemlerde&hellip;<\/p>","protected":false},"author":1,"featured_media":0,"parent":0,"menu_order":0,"comment_status":"closed","ping_status":"closed","template":"","meta":{"footnotes":""},"aioseo_notices":[],"_links":{"self":[{"href":"https:\/\/inverpul.com\/ar\/wp-json\/wp\/v2\/pages\/29444"}],"collection":[{"href":"https:\/\/inverpul.com\/ar\/wp-json\/wp\/v2\/pages"}],"about":[{"href":"https:\/\/inverpul.com\/ar\/wp-json\/wp\/v2\/types\/page"}],"author":[{"embeddable":true,"href":"https:\/\/inverpul.com\/ar\/wp-json\/wp\/v2\/users\/1"}],"replies":[{"embeddable":true,"href":"https:\/\/inverpul.com\/ar\/wp-json\/wp\/v2\/comments?post=29444"}],"version-history":[{"count":7,"href":"https:\/\/inverpul.com\/ar\/wp-json\/wp\/v2\/pages\/29444\/revisions"}],"predecessor-version":[{"id":29470,"href":"https:\/\/inverpul.com\/ar\/wp-json\/wp\/v2\/pages\/29444\/revisions\/29470"}],"wp:attachment":[{"href":"https:\/\/inverpul.com\/ar\/wp-json\/wp\/v2\/media?parent=29444"}],"curies":[{"name":"wp","href":"https:\/\/api.w.org\/{rel}","templated":true}]}}