{"id":29444,"date":"2024-01-15T12:42:26","date_gmt":"2024-01-15T09:42:26","guid":{"rendered":"https:\/\/inverpul.com\/?page_id=29444"},"modified":"2024-01-15T12:45:10","modified_gmt":"2024-01-15T09:45:10","slug":"gizlilik-politikasi","status":"publish","type":"page","link":"https:\/\/inverpul.com\/en\/gizlilik-politikasi\/","title":{"rendered":"Privacy Policy"},"content":{"rendered":"<div data-elementor-type=\"wp-page\" data-elementor-id=\"29444\" class=\"elementor elementor-29444\">\n\t\t\t\t\t\t\t\t\t<section class=\"elementor-section elementor-top-section elementor-element elementor-element-2b1184b0 elementor-section-boxed elementor-section-height-default elementor-section-height-default sc_fly_static\" data-id=\"2b1184b0\" data-element_type=\"section\" data-settings=\"{&quot;background_background&quot;:&quot;classic&quot;}\">\n\t\t\t\t\t\t<div class=\"elementor-container elementor-column-gap-extended\">\n\t\t\t\t\t<div class=\"elementor-column elementor-col-100 elementor-top-column elementor-element elementor-element-153e1c19 sc_inner_width_none sc_content_align_inherit sc_layouts_column_icons_position_left sc_fly_static\" data-id=\"153e1c19\" data-element_type=\"column\">\n\t\t\t<div class=\"elementor-widget-wrap elementor-element-populated\">\n\t\t\t\t\t\t\t\t<div class=\"elementor-element elementor-element-54db29de sc_fly_static elementor-widget elementor-widget-text-editor\" data-id=\"54db29de\" data-element_type=\"widget\" data-widget_type=\"text-editor.default\">\n\t\t\t\t<div class=\"elementor-widget-container\">\n\t\t\t\t\t\t\t<p>All information you enter to become a member of our site will not be shared with third party companies or individuals.<\/p><p>All information you enter through our site's contact forms will not be shared with third party companies or individuals.<\/p><p>Our site may sometimes send campaign information, information about new products, and promotional information to its customers and members. Our members can make any choice about whether or not to receive such information while becoming a member, and this choice can be changed in the account information section after logging in.<\/p><p>Only you can access and change all the information you provide when becoming a member. If you keep your member login information secure, it is not possible for others to access or change information about you.\u00a0<\/p><p>The buyer is personally responsible for any improper use, objections and any financial losses and penalties that may arise in his or her or third party credit card transactions on inverpul.com.<\/p>\t\t\t\t\t\t<\/div>\n\t\t\t\t<\/div>\n\t\t\t\t\t<\/div>\n\t\t<\/div>\n\t\t\t\t\t\t\t<\/div>\n\t\t<\/section>\n\t\t\t\t\t\t\t<\/div>","protected":false},"excerpt":{"rendered":"<p>Sitemize \u00fcye olmak i\u00e7in girmi\u015f oldu\u011funuz t\u00fcm bilgiler, \u00a03. parti firma veya ki\u015filerle payla\u015f\u0131lmayacakt\u0131r. Sitemiz ileti\u015fim formlar\u0131ndan girmi\u015f oldu\u011funuz t\u00fcm bilgiler, \u00a03. parti firma veya ki\u015filerle payla\u015f\u0131lmayacakt\u0131r. Sitemiz baz\u0131 d\u00f6nemlerde&hellip;<\/p>","protected":false},"author":1,"featured_media":0,"parent":0,"menu_order":0,"comment_status":"closed","ping_status":"closed","template":"","meta":{"footnotes":""},"aioseo_notices":[],"_links":{"self":[{"href":"https:\/\/inverpul.com\/en\/wp-json\/wp\/v2\/pages\/29444"}],"collection":[{"href":"https:\/\/inverpul.com\/en\/wp-json\/wp\/v2\/pages"}],"about":[{"href":"https:\/\/inverpul.com\/en\/wp-json\/wp\/v2\/types\/page"}],"author":[{"embeddable":true,"href":"https:\/\/inverpul.com\/en\/wp-json\/wp\/v2\/users\/1"}],"replies":[{"embeddable":true,"href":"https:\/\/inverpul.com\/en\/wp-json\/wp\/v2\/comments?post=29444"}],"version-history":[{"count":7,"href":"https:\/\/inverpul.com\/en\/wp-json\/wp\/v2\/pages\/29444\/revisions"}],"predecessor-version":[{"id":29470,"href":"https:\/\/inverpul.com\/en\/wp-json\/wp\/v2\/pages\/29444\/revisions\/29470"}],"wp:attachment":[{"href":"https:\/\/inverpul.com\/en\/wp-json\/wp\/v2\/media?parent=29444"}],"curies":[{"name":"wp","href":"https:\/\/api.w.org\/{rel}","templated":true}]}}